{"id":3508,"date":"2023-01-16T06:11:33","date_gmt":"2023-01-16T06:11:33","guid":{"rendered":"https:\/\/www.alianzatelecom.org\/videos\/"},"modified":"2023-01-18T11:09:57","modified_gmt":"2023-01-18T11:09:57","slug":"videos","status":"publish","type":"page","link":"https:\/\/www.alianzatelecom.org\/en\/videos\/","title":{"rendered":"Videos"},"content":{"rendered":"<div id=\"pl-3508\"  class=\"panel-layout\" ><div id=\"pg-3508-0\"  class=\"panel-grid panel-has-style\" ><div class=\"panel-row-style panel-row-style-for-3508-0\" ><div id=\"pgc-3508-0-0\"  class=\"panel-grid-cell\" ><div id=\"panel-3508-0-0-0\" class=\"so-panel widget widget_sow-editor panel-first-child panel-last-child\" data-index=\"0\" ><div\n\t\t\t\n\t\t\tclass=\"so-widget-sow-editor so-widget-sow-editor-base\"\n\t\t\t\n\t\t>\n<div class=\"siteorigin-widget-tinymce textwidget\">\n\t<h2 style=\"text-align: center;\">Videos<\/h2>\n<\/div>\n<\/div><\/div><\/div><\/div><\/div><div id=\"pg-3508-1\"  class=\"panel-grid panel-no-style\" ><div id=\"pgc-3508-1-0\"  class=\"panel-grid-cell\" ><div id=\"panel-3508-1-0-0\" class=\"so-panel widget widget_sow-editor panel-first-child panel-last-child\" data-index=\"1\" ><div class=\"panel-widget-style panel-widget-style-for-3508-1-0-0\" ><div\n\t\t\t\n\t\t\tclass=\"so-widget-sow-editor so-widget-sow-editor-base\"\n\t\t\t\n\t\t>\n<div class=\"siteorigin-widget-tinymce textwidget\">\n\t<h3><span style=\"font-size: 12pt;\"><a id=\"6a09c0df1175a\" rel=\"wp-video-lightbox\" href=\"https:\/\/www.youtube.com\/watch?v=X0KSxavUBKo&#038;rel=0&#038;width=640&#038;height=480\" title=\"\"><div class=\"wpvl_auto_thumb_box_wrapper\"><div class=\"wpvl_auto_thumb_box\"><img decoding=\"async\" src=\"https:\/\/img.youtube.com\/vi\/X0KSxavUBKo\/0.jpg\" class=\"video_lightbox_auto_anchor_image\" alt=\"\" \/><div class=\"wpvl_auto_thumb_play\"><img decoding=\"async\" src=\"https:\/\/www.alianzatelecom.org\/wp-content\/plugins\/wp-video-lightbox\/images\/play.png\" class=\"wpvl_playbutton\" \/><\/div><\/div><\/div><\/a>    <script>\r\n    \/* <![CDATA[ *\/\r\n    jQuery(document).ready(function($){\r\n        $(function(){\r\n            var width = $(window).innerWidth();\r\n            var setwidth = parseFloat(640);\r\n            var ratio = parseFloat(0.75);\r\n            var height = parseFloat(480);\r\n            var link = 'https:\/\/www.youtube.com\/watch?v=X0KSxavUBKo&amp;rel=0&amp;width=640&amp;height=480';\r\n            if(width < setwidth)\r\n            {\r\n                height = Math.floor(width * 0.75);\r\n                \/\/console.log(\"device width \"+width+\", set width \"+640+\", ratio \"+0.75+\", new height \"+ height);\r\n                var new_url = wpvl_paramReplace('width', link, width);\r\n                var new_url = wpvl_paramReplace('height', new_url, height);\r\n                $(\"a#6a09c0df1175a\").attr('href', new_url);\r\n                \/\/console.log(new_url);\r\n            }\r\n        });\r\n    });\r\n    \/* ]]> *\/\r\n    <\/script><\/span><br \/>\n<span style=\"font-size: 12pt;\">Telecomunicaciones: Conectando a Puerto Rico<\/span><\/h3>\n<p style=\"font-size: 14px; margin-top: -20px; line-height: 18px;\">Las telecomunicaciones utilizan la tecnolog\u00eda m\u00e1s avanzada para conectarnos a todos en el campo y la ciudad.<\/p>\n<\/div>\n<\/div><\/div><\/div><\/div><div id=\"pgc-3508-1-1\"  class=\"panel-grid-cell\" ><div id=\"panel-3508-1-1-0\" class=\"so-panel widget widget_sow-editor panel-first-child panel-last-child\" data-index=\"2\" ><div\n\t\t\t\n\t\t\tclass=\"so-widget-sow-editor so-widget-sow-editor-base\"\n\t\t\t\n\t\t>\n<div class=\"siteorigin-widget-tinymce textwidget\">\n\t<h3><span style=\"font-size: 12pt;\"><a id=\"6a09c0df118d4\" rel=\"wp-video-lightbox\" href=\"https:\/\/www.youtube.com\/watch?v=lgMHQYFfJYM&#038;rel=0&#038;width=640&#038;height=480\" title=\"\"><div class=\"wpvl_auto_thumb_box_wrapper\"><div class=\"wpvl_auto_thumb_box\"><img decoding=\"async\" src=\"https:\/\/img.youtube.com\/vi\/lgMHQYFfJYM\/0.jpg\" class=\"video_lightbox_auto_anchor_image\" alt=\"\" \/><div class=\"wpvl_auto_thumb_play\"><img decoding=\"async\" src=\"https:\/\/www.alianzatelecom.org\/wp-content\/plugins\/wp-video-lightbox\/images\/play.png\" class=\"wpvl_playbutton\" \/><\/div><\/div><\/div><\/a>    <script>\r\n    \/* <![CDATA[ *\/\r\n    jQuery(document).ready(function($){\r\n        $(function(){\r\n            var width = $(window).innerWidth();\r\n            var setwidth = parseFloat(640);\r\n            var ratio = parseFloat(0.75);\r\n            var height = parseFloat(480);\r\n            var link = 'https:\/\/www.youtube.com\/watch?v=lgMHQYFfJYM&amp;rel=0&amp;width=640&amp;height=480';\r\n            if(width < setwidth)\r\n            {\r\n                height = Math.floor(width * 0.75);\r\n                \/\/console.log(\"device width \"+width+\", set width \"+640+\", ratio \"+0.75+\", new height \"+ height);\r\n                var new_url = wpvl_paramReplace('width', link, width);\r\n                var new_url = wpvl_paramReplace('height', new_url, height);\r\n                $(\"a#6a09c0df118d4\").attr('href', new_url);\r\n                \/\/console.log(new_url);\r\n            }\r\n        });\r\n    });\r\n    \/* ]]> *\/\r\n    <\/script><\/span><br \/>\n<span style=\"font-size: 12pt;\">Las telecomunicaciones facilitan tu vida diaria<\/span><\/h3>\n<p style=\"font-size: 14px; margin-top: -20px; line-height: 18px;\">Miles de trabajadores de la industria de telecomunicaciones est\u00e1n dando el m\u00e1ximo por t\u00ed.<\/p>\n<\/div>\n<\/div><\/div><\/div><div id=\"pgc-3508-1-2\"  class=\"panel-grid-cell\" ><div id=\"panel-3508-1-2-0\" class=\"so-panel widget widget_sow-editor panel-first-child panel-last-child\" data-index=\"3\" ><div\n\t\t\t\n\t\t\tclass=\"so-widget-sow-editor so-widget-sow-editor-base\"\n\t\t\t\n\t\t>\n<div class=\"siteorigin-widget-tinymce textwidget\">\n\t<h3><span style=\"font-size: 12pt;\"><a id=\"6a09c0df11a13\" rel=\"wp-video-lightbox\" href=\"https:\/\/www.youtube.com\/watch?v=GQZ_iovZ9xM&#038;rel=0&#038;width=640&#038;height=480\" title=\"\"><div class=\"wpvl_auto_thumb_box_wrapper\"><div class=\"wpvl_auto_thumb_box\"><img decoding=\"async\" src=\"https:\/\/img.youtube.com\/vi\/GQZ_iovZ9xM\/0.jpg\" class=\"video_lightbox_auto_anchor_image\" alt=\"\" \/><div class=\"wpvl_auto_thumb_play\"><img decoding=\"async\" src=\"https:\/\/www.alianzatelecom.org\/wp-content\/plugins\/wp-video-lightbox\/images\/play.png\" class=\"wpvl_playbutton\" \/><\/div><\/div><\/div><\/a>    <script>\r\n    \/* <![CDATA[ *\/\r\n    jQuery(document).ready(function($){\r\n        $(function(){\r\n            var width = $(window).innerWidth();\r\n            var setwidth = parseFloat(640);\r\n            var ratio = parseFloat(0.75);\r\n            var height = parseFloat(480);\r\n            var link = 'https:\/\/www.youtube.com\/watch?v=GQZ_iovZ9xM&amp;rel=0&amp;width=640&amp;height=480';\r\n            if(width < setwidth)\r\n            {\r\n                height = Math.floor(width * 0.75);\r\n                \/\/console.log(\"device width \"+width+\", set width \"+640+\", ratio \"+0.75+\", new height \"+ height);\r\n                var new_url = wpvl_paramReplace('width', link, width);\r\n                var new_url = wpvl_paramReplace('height', new_url, height);\r\n                $(\"a#6a09c0df11a13\").attr('href', new_url);\r\n                \/\/console.log(new_url);\r\n            }\r\n        });\r\n    });\r\n    \/* ]]> *\/\r\n    <\/script><\/span><br \/>\n<span style=\"font-size: 12pt;\">Las empresas son vitales para el desarrollo de nuestra econom\u00eda<\/span><\/h3>\n<p style=\"font-size: 14px; margin-top: -20px; line-height: 18px;\">Las empresas son vitales para el desarrollo de nuestra econom\u00eda. Por eso, Jeniffer Rivera Ortiz y otros miles de trabajadores de la industria de las telecomunicaciones se esmeran por ser un importante aliado para estas.<\/p>\n<\/div>\n<\/div><\/div><\/div><div id=\"pgc-3508-1-3\"  class=\"panel-grid-cell\" ><div id=\"panel-3508-1-3-0\" class=\"so-panel widget widget_sow-editor panel-first-child panel-last-child\" data-index=\"4\" ><div\n\t\t\t\n\t\t\tclass=\"so-widget-sow-editor so-widget-sow-editor-base\"\n\t\t\t\n\t\t>\n<div class=\"siteorigin-widget-tinymce textwidget\">\n\t<h3><span style=\"font-size: 12pt;\"><a id=\"6a09c0df11b44\" rel=\"wp-video-lightbox\" href=\"https:\/\/www.youtube.com\/watch?v=28p7wNBdFJw&#038;rel=0&#038;width=640&#038;height=480\" title=\"\"><div class=\"wpvl_auto_thumb_box_wrapper\"><div class=\"wpvl_auto_thumb_box\"><img decoding=\"async\" src=\"https:\/\/img.youtube.com\/vi\/28p7wNBdFJw\/0.jpg\" class=\"video_lightbox_auto_anchor_image\" alt=\"\" \/><div class=\"wpvl_auto_thumb_play\"><img decoding=\"async\" src=\"https:\/\/www.alianzatelecom.org\/wp-content\/plugins\/wp-video-lightbox\/images\/play.png\" class=\"wpvl_playbutton\" \/><\/div><\/div><\/div><\/a>    <script>\r\n    \/* <![CDATA[ *\/\r\n    jQuery(document).ready(function($){\r\n        $(function(){\r\n            var width = $(window).innerWidth();\r\n            var setwidth = parseFloat(640);\r\n            var ratio = parseFloat(0.75);\r\n            var height = parseFloat(480);\r\n            var link = 'https:\/\/www.youtube.com\/watch?v=28p7wNBdFJw&amp;rel=0&amp;width=640&amp;height=480';\r\n            if(width < setwidth)\r\n            {\r\n                height = Math.floor(width * 0.75);\r\n                \/\/console.log(\"device width \"+width+\", set width \"+640+\", ratio \"+0.75+\", new height \"+ height);\r\n                var new_url = wpvl_paramReplace('width', link, width);\r\n                var new_url = wpvl_paramReplace('height', new_url, height);\r\n                $(\"a#6a09c0df11b44\").attr('href', new_url);\r\n                \/\/console.log(new_url);\r\n            }\r\n        });\r\n    });\r\n    \/* ]]> *\/\r\n    <\/script><\/span><br \/>\n<span style=\"font-size: 12pt;\">Las telecomunicaciones te facilitan el acceso a servicios del gobierno<\/span><\/h3>\n<p style=\"font-size: 14px; margin-top: -20px; line-height: 18px;\">Las telecomunicaciones te permiten acceder a servicios del gobierno, as\u00ed como solicitar ayuda en situaciones de emergencia. David Carrera Briganti, trabajador de la industria, te explica un poco m\u00e1s.<\/p>\n<\/div>\n<\/div><\/div><\/div><\/div><div id=\"pg-3508-2\"  class=\"panel-grid panel-no-style\" ><div id=\"pgc-3508-2-0\"  class=\"panel-grid-cell\" ><div id=\"panel-3508-2-0-0\" class=\"so-panel widget widget_sow-editor panel-first-child panel-last-child\" data-index=\"5\" ><div\n\t\t\t\n\t\t\tclass=\"so-widget-sow-editor so-widget-sow-editor-base\"\n\t\t\t\n\t\t>\n<div class=\"siteorigin-widget-tinymce textwidget\">\n\t<h3><span style=\"font-size: 12pt;\"><a id=\"6a09c0df11c8c\" rel=\"wp-video-lightbox\" href=\"https:\/\/www.youtube.com\/watch?v=WF9Wv8ggods&#038;rel=0&#038;width=640&#038;height=480\" title=\"\"><div class=\"wpvl_auto_thumb_box_wrapper\"><div class=\"wpvl_auto_thumb_box\"><img decoding=\"async\" src=\"https:\/\/img.youtube.com\/vi\/WF9Wv8ggods\/0.jpg\" class=\"video_lightbox_auto_anchor_image\" alt=\"\" \/><div class=\"wpvl_auto_thumb_play\"><img decoding=\"async\" src=\"https:\/\/www.alianzatelecom.org\/wp-content\/plugins\/wp-video-lightbox\/images\/play.png\" class=\"wpvl_playbutton\" \/><\/div><\/div><\/div><\/a>    <script>\r\n    \/* <![CDATA[ *\/\r\n    jQuery(document).ready(function($){\r\n        $(function(){\r\n            var width = $(window).innerWidth();\r\n            var setwidth = parseFloat(640);\r\n            var ratio = parseFloat(0.75);\r\n            var height = parseFloat(480);\r\n            var link = 'https:\/\/www.youtube.com\/watch?v=WF9Wv8ggods&amp;rel=0&amp;width=640&amp;height=480';\r\n            if(width < setwidth)\r\n            {\r\n                height = Math.floor(width * 0.75);\r\n                \/\/console.log(\"device width \"+width+\", set width \"+640+\", ratio \"+0.75+\", new height \"+ height);\r\n                var new_url = wpvl_paramReplace('width', link, width);\r\n                var new_url = wpvl_paramReplace('height', new_url, height);\r\n                $(\"a#6a09c0df11c8c\").attr('href', new_url);\r\n                \/\/console.log(new_url);\r\n            }\r\n        });\r\n    });\r\n    \/* ]]> *\/\r\n    <\/script><\/span><br \/>\n<span style=\"font-size: 12pt;\">Funci\u00f3n de las torres de antena<\/span><\/h3>\n<p style=\"font-size: 14px; margin-top: -20px; line-height: 18px;\">Las torres de antenas tienen una funci\u00f3n bien importante. Michael Vicente Rivera, trabajador de la industria de las telecomunicaciones te lo explica.<\/p>\n<\/div>\n<\/div><\/div><\/div><div id=\"pgc-3508-2-1\"  class=\"panel-grid-cell\" ><div id=\"panel-3508-2-1-0\" class=\"so-panel widget widget_sow-editor panel-first-child panel-last-child\" data-index=\"6\" ><div\n\t\t\t\n\t\t\tclass=\"so-widget-sow-editor so-widget-sow-editor-base\"\n\t\t\t\n\t\t>\n<div class=\"siteorigin-widget-tinymce textwidget\">\n\t<h3><span style=\"font-size: 12pt;\"><a id=\"6a09c0df11dc9\" rel=\"wp-video-lightbox\" href=\"https:\/\/www.youtube.com\/watch?v=RvMo13Y0M6E&#038;rel=0&#038;width=640&#038;height=480\" title=\"\"><div class=\"wpvl_auto_thumb_box_wrapper\"><div class=\"wpvl_auto_thumb_box\"><img decoding=\"async\" src=\"https:\/\/img.youtube.com\/vi\/RvMo13Y0M6E\/0.jpg\" class=\"video_lightbox_auto_anchor_image\" alt=\"\" \/><div class=\"wpvl_auto_thumb_play\"><img decoding=\"async\" src=\"https:\/\/www.alianzatelecom.org\/wp-content\/plugins\/wp-video-lightbox\/images\/play.png\" class=\"wpvl_playbutton\" \/><\/div><\/div><\/div><\/a>    <script>\r\n    \/* <![CDATA[ *\/\r\n    jQuery(document).ready(function($){\r\n        $(function(){\r\n            var width = $(window).innerWidth();\r\n            var setwidth = parseFloat(640);\r\n            var ratio = parseFloat(0.75);\r\n            var height = parseFloat(480);\r\n            var link = 'https:\/\/www.youtube.com\/watch?v=RvMo13Y0M6E&amp;rel=0&amp;width=640&amp;height=480';\r\n            if(width < setwidth)\r\n            {\r\n                height = Math.floor(width * 0.75);\r\n                \/\/console.log(\"device width \"+width+\", set width \"+640+\", ratio \"+0.75+\", new height \"+ height);\r\n                var new_url = wpvl_paramReplace('width', link, width);\r\n                var new_url = wpvl_paramReplace('height', new_url, height);\r\n                $(\"a#6a09c0df11dc9\").attr('href', new_url);\r\n                \/\/console.log(new_url);\r\n            }\r\n        });\r\n    });\r\n    \/* ]]> *\/\r\n    <\/script><\/span><br \/>\n<span style=\"font-size: 12pt;\">Las telecomunicaciones son esenciales en nuestras vidas<\/span><\/h3>\n<p style=\" font-size: 14px; margin-top: -20px; line-height: 18px; \">\n<p style=\" font-size: 14px; margin-top: -20px; line-height: 18px; \">Jennifer Rivera, trabajadora de la industria de las telecomunicaciones, te explica por qu\u00e9 estas son esenciales en nuestras vidas.<\/p>\n<\/div>\n<\/div><\/div><\/div><div id=\"pgc-3508-2-2\"  class=\"panel-grid-cell\" ><div id=\"panel-3508-2-2-0\" class=\"so-panel widget widget_sow-editor panel-first-child panel-last-child\" data-index=\"7\" ><div\n\t\t\t\n\t\t\tclass=\"so-widget-sow-editor so-widget-sow-editor-base\"\n\t\t\t\n\t\t>\n<div class=\"siteorigin-widget-tinymce textwidget\">\n\t<h3><span style=\"font-size: 12pt;\"><a id=\"6a09c0df11f05\" rel=\"wp-video-lightbox\" href=\"https:\/\/www.youtube.com\/watch?v=X25Bo9mWUS4&#038;rel=0&#038;width=640&#038;height=480\" title=\"\"><div class=\"wpvl_auto_thumb_box_wrapper\"><div class=\"wpvl_auto_thumb_box\"><img decoding=\"async\" src=\"https:\/\/img.youtube.com\/vi\/X25Bo9mWUS4\/0.jpg\" class=\"video_lightbox_auto_anchor_image\" alt=\"\" \/><div class=\"wpvl_auto_thumb_play\"><img decoding=\"async\" src=\"https:\/\/www.alianzatelecom.org\/wp-content\/plugins\/wp-video-lightbox\/images\/play.png\" class=\"wpvl_playbutton\" \/><\/div><\/div><\/div><\/a>    <script>\r\n    \/* <![CDATA[ *\/\r\n    jQuery(document).ready(function($){\r\n        $(function(){\r\n            var width = $(window).innerWidth();\r\n            var setwidth = parseFloat(640);\r\n            var ratio = parseFloat(0.75);\r\n            var height = parseFloat(480);\r\n            var link = 'https:\/\/www.youtube.com\/watch?v=X25Bo9mWUS4&amp;rel=0&amp;width=640&amp;height=480';\r\n            if(width < setwidth)\r\n            {\r\n                height = Math.floor(width * 0.75);\r\n                \/\/console.log(\"device width \"+width+\", set width \"+640+\", ratio \"+0.75+\", new height \"+ height);\r\n                var new_url = wpvl_paramReplace('width', link, width);\r\n                var new_url = wpvl_paramReplace('height', new_url, height);\r\n                $(\"a#6a09c0df11f05\").attr('href', new_url);\r\n                \/\/console.log(new_url);\r\n            }\r\n        });\r\n    });\r\n    \/* ]]> *\/\r\n    <\/script><\/span><br \/>\n<span style=\"font-size: 12pt;\">\u00bfC\u00f3mo funcionan las telecomunicaciones?<\/span><\/h3>\n<p style=\" font-size: 14px; margin-top: -20px; line-height: 18px; \">\n<p style=\" font-size: 14px; margin-top: -20px; line-height: 18px; \">No dejes de ver este corto v\u00eddeo en el que Hiram Cordero, trabajador de la industria, te lo explica paso a paso.<\/p>\n<\/div>\n<\/div><\/div><\/div><div id=\"pgc-3508-2-3\"  class=\"panel-grid-cell\" ><div id=\"panel-3508-2-3-0\" class=\"so-panel widget widget_sow-editor panel-first-child panel-last-child\" data-index=\"8\" ><div\n\t\t\t\n\t\t\tclass=\"so-widget-sow-editor so-widget-sow-editor-base\"\n\t\t\t\n\t\t>\n<div class=\"siteorigin-widget-tinymce textwidget\">\n\t<h3><a id=\"6a09c0df12022\" rel=\"wp-video-lightbox\" href=\"https:\/\/www.youtube.com\/watch?v=XvyhOnaEzAA&#038;rel=0&#038;width=640&#038;height=480\" title=\"\"><div class=\"wpvl_auto_thumb_box_wrapper\"><div class=\"wpvl_auto_thumb_box\"><img decoding=\"async\" src=\"https:\/\/img.youtube.com\/vi\/XvyhOnaEzAA\/0.jpg\" class=\"video_lightbox_auto_anchor_image\" alt=\"\" \/><div class=\"wpvl_auto_thumb_play\"><img decoding=\"async\" src=\"https:\/\/www.alianzatelecom.org\/wp-content\/plugins\/wp-video-lightbox\/images\/play.png\" class=\"wpvl_playbutton\" \/><\/div><\/div><\/div><\/a>    <script>\r\n    \/* <![CDATA[ *\/\r\n    jQuery(document).ready(function($){\r\n        $(function(){\r\n            var width = $(window).innerWidth();\r\n            var setwidth = parseFloat(640);\r\n            var ratio = parseFloat(0.75);\r\n            var height = parseFloat(480);\r\n            var link = 'https:\/\/www.youtube.com\/watch?v=XvyhOnaEzAA&amp;rel=0&amp;width=640&amp;height=480';\r\n            if(width < setwidth)\r\n            {\r\n                height = Math.floor(width * 0.75);\r\n                \/\/console.log(\"device width \"+width+\", set width \"+640+\", ratio \"+0.75+\", new height \"+ height);\r\n                var new_url = wpvl_paramReplace('width', link, width);\r\n                var new_url = wpvl_paramReplace('height', new_url, height);\r\n                $(\"a#6a09c0df12022\").attr('href', new_url);\r\n                \/\/console.log(new_url);\r\n            }\r\n        });\r\n    });\r\n    \/* ]]> *\/\r\n    <\/script><br \/>\n<span style=\"font-size: 12pt;\">\u00bfQu\u00e9 son las telecomunicaciones?<br \/>\n<\/span><\/h3>\n<p style=\"font-size: 14px; margin-top: -20px; line-height: 18px;\">Ricardo Matos, trabajador de la industria, te explica de forma sencilla.<\/p>\n<\/div>\n<\/div><\/div><\/div><\/div><\/div>","protected":false},"excerpt":{"rendered":"<p>Videos Telecomunicaciones: Conectando a Puerto RicoLas telecomunicaciones utilizan la tecnolog\u00eda m\u00e1s avanzada para conectarnos a todos en el campo y la ciudad. Las telecomunicaciones facilitan tu vida diariaMiles de trabajadores de la industria de telecomunicaciones est\u00e1n dando el m\u00e1ximo por t\u00ed. Las empresas son vitales para el desarrollo de nuestra econom\u00edaLas empresas son vitales para [&hellip;]<\/p>\n","protected":false},"author":4,"featured_media":0,"parent":0,"menu_order":0,"comment_status":"closed","ping_status":"closed","template":"","meta":{"footnotes":""},"class_list":["post-3508","page","type-page","status-publish","hentry","post"],"_links":{"self":[{"href":"https:\/\/www.alianzatelecom.org\/en\/wp-json\/wp\/v2\/pages\/3508","targetHints":{"allow":["GET"]}}],"collection":[{"href":"https:\/\/www.alianzatelecom.org\/en\/wp-json\/wp\/v2\/pages"}],"about":[{"href":"https:\/\/www.alianzatelecom.org\/en\/wp-json\/wp\/v2\/types\/page"}],"author":[{"embeddable":true,"href":"https:\/\/www.alianzatelecom.org\/en\/wp-json\/wp\/v2\/users\/4"}],"replies":[{"embeddable":true,"href":"https:\/\/www.alianzatelecom.org\/en\/wp-json\/wp\/v2\/comments?post=3508"}],"version-history":[{"count":1,"href":"https:\/\/www.alianzatelecom.org\/en\/wp-json\/wp\/v2\/pages\/3508\/revisions"}],"predecessor-version":[{"id":3509,"href":"https:\/\/www.alianzatelecom.org\/en\/wp-json\/wp\/v2\/pages\/3508\/revisions\/3509"}],"wp:attachment":[{"href":"https:\/\/www.alianzatelecom.org\/en\/wp-json\/wp\/v2\/media?parent=3508"}],"curies":[{"name":"wp","href":"https:\/\/api.w.org\/{rel}","templated":true}]}}