{"id":3138,"date":"2022-05-12T09:19:30","date_gmt":"2022-05-12T09:19:30","guid":{"rendered":"https:\/\/www.alianzatelecom.org\/comunicados-de-prensa\/"},"modified":"2022-07-13T08:04:02","modified_gmt":"2022-07-13T08:04:02","slug":"comunicados-de-prensa","status":"publish","type":"page","link":"https:\/\/www.alianzatelecom.org\/en\/comunicados-de-prensa\/","title":{"rendered":"Press Releases"},"content":{"rendered":"<div id=\"pl-3138\"  class=\"panel-layout\" ><div id=\"pg-3138-0\"  class=\"panel-grid panel-has-style\" ><div class=\"siteorigin-panels-stretch panel-row-style panel-row-style-for-3138-0\" data-stretch-type=\"full-stretched\" ><div id=\"pgc-3138-0-0\"  class=\"panel-grid-cell\" ><div id=\"panel-3138-0-0-0\" class=\"so-panel widget widget_sow-editor panel-first-child panel-last-child\" data-index=\"0\" ><div\n\t\t\t\n\t\t\tclass=\"so-widget-sow-editor so-widget-sow-editor-base\"\n\t\t\t\n\t\t>\n<div class=\"siteorigin-widget-tinymce textwidget\">\n\t<h2 style=\"text-align: center;\">Press Releases<\/h2>\n<\/div>\n<\/div><\/div><\/div><\/div><\/div><div id=\"pg-3138-1\"  class=\"panel-grid panel-has-style\" ><div class=\"siteorigin-panels-stretch panel-row-style panel-row-style-for-3138-1\" data-stretch-type=\"full-stretched\" ><div id=\"pgc-3138-1-0\"  class=\"panel-grid-cell panel-grid-cell-empty\" ><\/div><div id=\"pgc-3138-1-1\"  class=\"panel-grid-cell panel-grid-cell-mobile-last\" ><div id=\"panel-3138-1-1-0\" class=\"so-panel widget widget_sow-editor panel-first-child panel-last-child\" data-index=\"1\" ><div class=\"panel-widget-style panel-widget-style-for-3138-1-1-0\" ><div\n\t\t\t\n\t\t\tclass=\"so-widget-sow-editor so-widget-sow-editor-base\"\n\t\t\t\n\t\t>\n<div class=\"siteorigin-widget-tinymce textwidget\">\n\t<div class=\"pt-cv-wrapper\">\n<div class=\"pt-cv-view pt-cv-grid pt-cv-colsys\" id=\"pt-cv-view-911fa20bog\">\n<div data-id=\"pt-cv-page-1\" class=\"pt-cv-page\" data-cvc=\"1\">\n<div class=\"col-md-12 col-sm-6 col-xs-12 pt-cv-content-item pt-cv-1-col\"  data-pid=\"4093\">\n<div class='pt-cv-ifield'>\n<h4 class=\"pt-cv-title\"><a href=\"https:\/\/www.alianzatelecom.org\/en\/2025\/08\/05\/declaracion-de-la-apt-sobre-ps-615\/\" class=\"_self cvplbd\" target=\"_self\" >Declaraci\u00f3n de la APT sobre PS 615<\/a><\/h4>\n<\/div>\n<\/div>\n<div class=\"col-md-12 col-sm-6 col-xs-12 pt-cv-content-item pt-cv-1-col\"  data-pid=\"4083\">\n<div class='pt-cv-ifield'>\n<h4 class=\"pt-cv-title\"><a href=\"https:\/\/www.alianzatelecom.org\/en\/2025\/07\/28\/diversos-sectores-se-expresan-en-oposicion-al-proyecto-del-senado-615\/\" class=\"_self cvplbd\" target=\"_self\" >Diversos sectores se expresan en oposici\u00f3n al Proyecto del Senado 615<\/a><\/h4>\n<\/div>\n<\/div>\n<div class=\"col-md-12 col-sm-6 col-xs-12 pt-cv-content-item pt-cv-1-col\"  data-pid=\"4008\">\n<div class='pt-cv-ifield'>\n<h4 class=\"pt-cv-title\"><a href=\"https:\/\/www.alianzatelecom.org\/en\/2025\/07\/21\/alianza-puertorriquena-de-telecomunicaciones-denuncia-que-el-ps-615-no-contemplo-opiniones-expertas-ni-impacto-al-consumidor\/\" class=\"_self cvplbd\" target=\"_self\" >Alianza Puertorrique\u00f1a de Telecomunicaciones denuncia que el PS 615 no contempl\u00f3 opiniones expertas ni impacto al consumidor<\/a><\/h4>\n<\/div>\n<\/div>\n<div class=\"col-md-12 col-sm-6 col-xs-12 pt-cv-content-item pt-cv-1-col\"  data-pid=\"3968\">\n<div class='pt-cv-ifield'>\n<h4 class=\"pt-cv-title\"><a href=\"https:\/\/www.alianzatelecom.org\/en\/2025\/07\/14\/alianza-puertorriquena-de-telecomunicaciones-hace-llamado-urgente-a-la-gobernadora-para-vetar-el-proyecto-del-senado-615\/\" class=\"_self cvplbd\" target=\"_self\" >Alianza Puertorrique\u00f1a de Telecomunicaciones hace llamado urgente a la  Gobernadora para vetar el Proyecto del Senado 615<\/a><\/h4>\n<\/div>\n<\/div>\n<div class=\"col-md-12 col-sm-6 col-xs-12 pt-cv-content-item pt-cv-1-col\"  data-pid=\"3922\">\n<div class='pt-cv-ifield'>\n<h4 class=\"pt-cv-title\"><a href=\"https:\/\/www.alianzatelecom.org\/en\/2025\/01\/16\/alianza-puertorriquena-de-telecomunicaciones-elige-nuevo-presidente\/\" class=\"_self cvplbd\" target=\"_self\" >Alianza Puertorrique\u00f1a de Telecomunicaciones elige nuevo presidente<\/a><\/h4>\n<\/div>\n<\/div>\n<div class=\"col-md-12 col-sm-6 col-xs-12 pt-cv-content-item pt-cv-1-col\"  data-pid=\"3853\">\n<div class='pt-cv-ifield'>\n<h4 class=\"pt-cv-title\"><a href=\"https:\/\/www.alianzatelecom.org\/en\/2024\/06\/04\/industria-de-telecomunicaciones-preparada-para-manejar-los-retos-de-la-temporada-de-huracanes\/\" class=\"_self cvplbd\" target=\"_self\" >Industria de telecomunicaciones preparada para manejar los retos de la temporada de huracanes<\/a><\/h4>\n<\/div>\n<\/div>\n<div class=\"col-md-12 col-sm-6 col-xs-12 pt-cv-content-item pt-cv-1-col\"  data-pid=\"3743\">\n<div class='pt-cv-ifield'>\n<h4 class=\"pt-cv-title\"><a href=\"https:\/\/www.alianzatelecom.org\/en\/2024\/03\/26\/fiber-connect-latam-2024-impulsando-el-desarrollo-economico-y-social-a-traves-de-la-fibra-optica\/\" class=\"_self cvplbd\" target=\"_self\" >Fiber Connect LATAM 2024: Impulsando el Desarrollo Econ\u00f3mico y Social a trav\u00e9s de la Fibra \u00d3ptica<\/a><\/h4>\n<\/div>\n<\/div>\n<div class=\"col-md-12 col-sm-6 col-xs-12 pt-cv-content-item pt-cv-1-col\"  data-pid=\"3651\">\n<div class='pt-cv-ifield'>\n<h4 class=\"pt-cv-title\"><a href=\"https:\/\/www.alianzatelecom.org\/en\/2023\/10\/10\/alianza-puertorriquena-de-telecomunicaciones-aclara-que-empresas-siempre-han-estado-dispuestas-a-pagar-por-postes-mancomunados\/\" class=\"_self cvplbd\" target=\"_self\" >Alianza Puertorrique\u00f1a de Telecomunicaciones aclara que empresas siempre han estado dispuestas a pagar por postes mancomunados<\/a><\/h4>\n<\/div>\n<\/div>\n<div class=\"col-md-12 col-sm-6 col-xs-12 pt-cv-content-item pt-cv-1-col\"  data-pid=\"3621\">\n<div class='pt-cv-ifield'>\n<h4 class=\"pt-cv-title\"><a href=\"https:\/\/www.alianzatelecom.org\/en\/2023\/06\/27\/preparadas-las-empresas-de-telecomunicaciones-para-temporada-de-huracanes\/\" class=\"_self cvplbd\" target=\"_self\" >Preparadas las empresas de telecomunicaciones para temporada de huracanes<\/a><\/h4>\n<\/div>\n<\/div>\n<div class=\"col-md-12 col-sm-6 col-xs-12 pt-cv-content-item pt-cv-1-col\"  data-pid=\"3535\">\n<div class='pt-cv-ifield'>\n<h4 class=\"pt-cv-title\"><a href=\"https:\/\/www.alianzatelecom.org\/en\/2023\/02\/03\/nueva-presidenta-en-la-alianza-puertorriquena-de-telecomunicaciones\/\" class=\"_self cvplbd\" target=\"_self\" >Nueva presidenta en la Alianza Puertorrique\u00f1a de Telecomunicaciones<\/a><\/h4>\n<\/div>\n<\/div>\n<\/div>\n<\/div>\n<\/div>\n<style type=\"text\/css\" id=\"pt-cv-inline-style-6402f8aoc8\">#pt-cv-view-911fa20bog .pt-cv-title a, #pt-cv-view-911fa20bog  .panel-title { font-weight: 600 !important; }\n#pt-cv-view-911fa20bog .pt-cv-readmore  { color: #ffffff !important; background-color: #00aeef !important; }\n#pt-cv-view-911fa20bog .pt-cv-readmore:hover  { color: #ffffff !important; background-color: #00aeef !important; }<\/style>\n<\/div>\n<\/div><\/div><\/div><\/div><div id=\"pgc-3138-1-2\"  class=\"panel-grid-cell panel-grid-cell-empty\" ><\/div><\/div><\/div><div id=\"pg-3138-2\"  class=\"panel-grid panel-has-style\" ><div id=\"solicitud-membresia\" class=\"panel-row-style panel-row-style-for-3138-2\" ><div id=\"pgc-3138-2-0\"  class=\"panel-grid-cell panel-grid-cell-empty panel-grid-cell-mobile-last\" ><\/div><div id=\"pgc-3138-2-1\"  class=\"panel-grid-cell panel-grid-cell-empty\" ><\/div><\/div><\/div><\/div>","protected":false},"excerpt":{"rendered":"<p>Press Releases<\/p>\n","protected":false},"author":4,"featured_media":0,"parent":0,"menu_order":0,"comment_status":"closed","ping_status":"closed","template":"","meta":{"footnotes":""},"class_list":["post-3138","page","type-page","status-publish","hentry","post"],"_links":{"self":[{"href":"https:\/\/www.alianzatelecom.org\/en\/wp-json\/wp\/v2\/pages\/3138","targetHints":{"allow":["GET"]}}],"collection":[{"href":"https:\/\/www.alianzatelecom.org\/en\/wp-json\/wp\/v2\/pages"}],"about":[{"href":"https:\/\/www.alianzatelecom.org\/en\/wp-json\/wp\/v2\/types\/page"}],"author":[{"embeddable":true,"href":"https:\/\/www.alianzatelecom.org\/en\/wp-json\/wp\/v2\/users\/4"}],"replies":[{"embeddable":true,"href":"https:\/\/www.alianzatelecom.org\/en\/wp-json\/wp\/v2\/comments?post=3138"}],"version-history":[{"count":4,"href":"https:\/\/www.alianzatelecom.org\/en\/wp-json\/wp\/v2\/pages\/3138\/revisions"}],"predecessor-version":[{"id":3290,"href":"https:\/\/www.alianzatelecom.org\/en\/wp-json\/wp\/v2\/pages\/3138\/revisions\/3290"}],"wp:attachment":[{"href":"https:\/\/www.alianzatelecom.org\/en\/wp-json\/wp\/v2\/media?parent=3138"}],"curies":[{"name":"wp","href":"https:\/\/api.w.org\/{rel}","templated":true}]}}